{"id":1187,"date":"2014-01-06T09:30:00","date_gmt":"2014-01-06T09:30:00","guid":{"rendered":"http:\/\/www.gt3themes.com\/wordpress-themes\/frame\/?page_id=125"},"modified":"2024-10-05T21:28:25","modified_gmt":"2024-10-05T21:28:25","slug":"galerias","status":"publish","type":"page","link":"https:\/\/claudiaruiz.com\/?page_id=1187","title":{"rendered":"Cerebraciones"},"content":{"rendered":"\n<p class=\"has-text-align-left\">En el a\u00f1o 2010, luego de realizar la obra Bio-lencia, decid\u00ed dirigir la mirada a la naturaleza en busca, de armon\u00eda, belleza y reflexionar sobre nuestra relaci\u00f3n con nosotros mismos y con el entorno, algo que se viene concretando en Cerebraciones, una serie desarrollada en los lenguajes de la pintura, la escultura y la fotograf\u00eda con la que CEREBRO Y CELEBRO LA VIDA<\/p>\n\n\n\n<figure class=\"wp-block-gallery has-nested-images columns-default is-cropped wp-block-gallery-1 is-layout-flex wp-block-gallery-is-layout-flex\">\n<figure class=\"wp-block-image size-large\"><a href=\"https:\/\/claudiaruiz.com\/wp-content\/uploads\/Cerebraciones-esc2.jpg\"><img loading=\"lazy\" decoding=\"async\" width=\"920\" height=\"924\" data-id=\"146646\" src=\"https:\/\/claudiaruiz.com\/wp-content\/uploads\/Cerebraciones-esc2.jpg\" alt=\"\" class=\"wp-image-146646\" srcset=\"https:\/\/claudiaruiz.com\/wp-content\/uploads\/Cerebraciones-esc2.jpg 920w, https:\/\/claudiaruiz.com\/wp-content\/uploads\/Cerebraciones-esc2-300x300.jpg 300w, https:\/\/claudiaruiz.com\/wp-content\/uploads\/Cerebraciones-esc2-150x150.jpg 150w, https:\/\/claudiaruiz.com\/wp-content\/uploads\/Cerebraciones-esc2-768x771.jpg 768w\" sizes=\"(max-width: 920px) 100vw, 920px\" \/><\/a><\/figure>\n\n\n\n<figure class=\"wp-block-image size-large\"><a href=\"https:\/\/claudiaruiz.com\/wp-content\/uploads\/Cerebraciones-esc5.jpg\"><img loading=\"lazy\" decoding=\"async\" width=\"920\" height=\"924\" data-id=\"146650\" src=\"https:\/\/claudiaruiz.com\/wp-content\/uploads\/Cerebraciones-esc5.jpg\" alt=\"\" class=\"wp-image-146650\" srcset=\"https:\/\/claudiaruiz.com\/wp-content\/uploads\/Cerebraciones-esc5.jpg 920w, https:\/\/claudiaruiz.com\/wp-content\/uploads\/Cerebraciones-esc5-300x300.jpg 300w, https:\/\/claudiaruiz.com\/wp-content\/uploads\/Cerebraciones-esc5-150x150.jpg 150w, https:\/\/claudiaruiz.com\/wp-content\/uploads\/Cerebraciones-esc5-768x771.jpg 768w\" sizes=\"(max-width: 920px) 100vw, 920px\" \/><\/a><\/figure>\n\n\n\n<figure class=\"wp-block-image size-large\"><a href=\"https:\/\/claudiaruiz.com\/wp-content\/uploads\/Cerebraciones-esc3.jpg\"><img loading=\"lazy\" decoding=\"async\" width=\"920\" height=\"924\" data-id=\"146647\" src=\"https:\/\/claudiaruiz.com\/wp-content\/uploads\/Cerebraciones-esc3.jpg\" alt=\"\" class=\"wp-image-146647\" srcset=\"https:\/\/claudiaruiz.com\/wp-content\/uploads\/Cerebraciones-esc3.jpg 920w, https:\/\/claudiaruiz.com\/wp-content\/uploads\/Cerebraciones-esc3-300x300.jpg 300w, https:\/\/claudiaruiz.com\/wp-content\/uploads\/Cerebraciones-esc3-150x150.jpg 150w, https:\/\/claudiaruiz.com\/wp-content\/uploads\/Cerebraciones-esc3-768x771.jpg 768w\" sizes=\"(max-width: 920px) 100vw, 920px\" \/><\/a><\/figure>\n\n\n\n<figure class=\"wp-block-image size-large\"><a href=\"https:\/\/claudiaruiz.com\/wp-content\/uploads\/Cerebraciones-esc1.jpg\"><img loading=\"lazy\" decoding=\"async\" width=\"920\" height=\"924\" data-id=\"146648\" src=\"https:\/\/claudiaruiz.com\/wp-content\/uploads\/Cerebraciones-esc1.jpg\" alt=\"\" class=\"wp-image-146648\" srcset=\"https:\/\/claudiaruiz.com\/wp-content\/uploads\/Cerebraciones-esc1.jpg 920w, https:\/\/claudiaruiz.com\/wp-content\/uploads\/Cerebraciones-esc1-300x300.jpg 300w, https:\/\/claudiaruiz.com\/wp-content\/uploads\/Cerebraciones-esc1-150x150.jpg 150w, https:\/\/claudiaruiz.com\/wp-content\/uploads\/Cerebraciones-esc1-768x771.jpg 768w\" sizes=\"(max-width: 920px) 100vw, 920px\" \/><\/a><\/figure>\n\n\n\n<figure class=\"wp-block-image size-large\"><a href=\"https:\/\/claudiaruiz.com\/wp-content\/uploads\/Cerebraciones-esc6.jpg\"><img loading=\"lazy\" decoding=\"async\" width=\"920\" height=\"924\" data-id=\"146649\" src=\"https:\/\/claudiaruiz.com\/wp-content\/uploads\/Cerebraciones-esc6.jpg\" alt=\"\" class=\"wp-image-146649\" srcset=\"https:\/\/claudiaruiz.com\/wp-content\/uploads\/Cerebraciones-esc6.jpg 920w, https:\/\/claudiaruiz.com\/wp-content\/uploads\/Cerebraciones-esc6-300x300.jpg 300w, https:\/\/claudiaruiz.com\/wp-content\/uploads\/Cerebraciones-esc6-150x150.jpg 150w, https:\/\/claudiaruiz.com\/wp-content\/uploads\/Cerebraciones-esc6-768x771.jpg 768w\" sizes=\"(max-width: 920px) 100vw, 920px\" \/><\/a><\/figure>\n<\/figure>\n","protected":false},"excerpt":{"rendered":"<p>En el a\u00f1o 2010, luego de realizar la obra Bio-lencia, decid\u00ed dirigir la mirada a la naturaleza en busca, de armon\u00eda, belleza y reflexionar sobre nuestra relaci\u00f3n con nosotros mismos y con el entorno, algo que se viene concretando en Cerebraciones, una serie desarrollada en los lenguajes de la pintura, la escultura y la fotograf\u00eda [&hellip;]<\/p>\n","protected":false},"author":4,"featured_media":0,"parent":0,"menu_order":0,"comment_status":"open","ping_status":"open","template":"page-portfolio-grid.php","meta":{"footnotes":""},"class_list":["post-1187","page","type-page","status-publish","hentry"],"_links":{"self":[{"href":"https:\/\/claudiaruiz.com\/index.php?rest_route=\/wp\/v2\/pages\/1187"}],"collection":[{"href":"https:\/\/claudiaruiz.com\/index.php?rest_route=\/wp\/v2\/pages"}],"about":[{"href":"https:\/\/claudiaruiz.com\/index.php?rest_route=\/wp\/v2\/types\/page"}],"author":[{"embeddable":true,"href":"https:\/\/claudiaruiz.com\/index.php?rest_route=\/wp\/v2\/users\/4"}],"replies":[{"embeddable":true,"href":"https:\/\/claudiaruiz.com\/index.php?rest_route=%2Fwp%2Fv2%2Fcomments&post=1187"}],"version-history":[{"count":4,"href":"https:\/\/claudiaruiz.com\/index.php?rest_route=\/wp\/v2\/pages\/1187\/revisions"}],"predecessor-version":[{"id":163510,"href":"https:\/\/claudiaruiz.com\/index.php?rest_route=\/wp\/v2\/pages\/1187\/revisions\/163510"}],"wp:attachment":[{"href":"https:\/\/claudiaruiz.com\/index.php?rest_route=%2Fwp%2Fv2%2Fmedia&parent=1187"}],"curies":[{"name":"wp","href":"https:\/\/api.w.org\/{rel}","templated":true}]}}