{"id":1226,"date":"2014-03-14T16:36:35","date_gmt":"2014-03-14T16:36:35","guid":{"rendered":"http:\/\/www.fundacionartscollegium.org\/?page_id=1226"},"modified":"2025-03-09T21:12:05","modified_gmt":"2025-03-09T21:12:05","slug":"inicio","status":"publish","type":"page","link":"https:\/\/claudiaruiz.com\/","title":{"rendered":"Bienvenidos a mi taller"},"content":{"rendered":"\n<p class=\"has-text-align-center\">Pintora, escultora y fot\u00f3grafa colombiana.<\/p>\n\n\n\n<p class=\"has-text-align-left\">Desde 1984, a trav\u00e9s de mi obra pict\u00f3rica he explorado la compleja condici\u00f3n humana, inmersa en atm\u00f3sferas donde la m\u00fasica, la violencia, la espiritualidad, la naturaleza y el misterio constituyen parte de su esencia. He plasmado la soledad, el dolor, el desamparo, la tristeza, la rabia y la introspecci\u00f3n que, como hilos invisibles, tejen la vida y moldean al ser humano en su b\u00fasqueda por entenderse y trascenderse.<\/p>\n\n\n\n<div class=\"wp-block-group\"><div class=\"wp-block-group__inner-container is-layout-flow wp-block-group-is-layout-flow\">\n<div class=\"wp-block-group\"><div class=\"wp-block-group__inner-container is-layout-flow wp-block-group-is-layout-flow\">\n<figure class=\"wp-block-embed is-type-video is-provider-youtube wp-block-embed-youtube wp-embed-aspect-16-9 wp-has-aspect-ratio\"><div class=\"wp-block-embed__wrapper\">\n<iframe loading=\"lazy\" title=\"Bienvenidos a mi taller  Claudia Ruiz\" width=\"580\" height=\"326\" src=\"https:\/\/www.youtube.com\/embed\/WSxE-t-22XA?feature=oembed\" frameborder=\"0\" allow=\"accelerometer; autoplay; clipboard-write; encrypted-media; gyroscope; picture-in-picture; web-share\" referrerpolicy=\"strict-origin-when-cross-origin\" allowfullscreen><\/iframe>\n<\/div><\/figure>\n<\/div><\/div>\n<\/div><\/div>\n\n\n\n<figure class=\"wp-block-image size-large is-resized\"><a href=\"https:\/\/claudiaruiz.com\/wp-content\/uploads\/2227.jpg\"><img loading=\"lazy\" decoding=\"async\" width=\"1024\" height=\"1024\" src=\"https:\/\/claudiaruiz.com\/wp-content\/uploads\/2227-1024x1024.jpg\" alt=\"\" class=\"wp-image-142980\" style=\"width:88px;height:88px\" srcset=\"https:\/\/claudiaruiz.com\/wp-content\/uploads\/2227-1024x1024.jpg 1024w, https:\/\/claudiaruiz.com\/wp-content\/uploads\/2227-300x300.jpg 300w, https:\/\/claudiaruiz.com\/wp-content\/uploads\/2227-150x150.jpg 150w, https:\/\/claudiaruiz.com\/wp-content\/uploads\/2227-768x768.jpg 768w, https:\/\/claudiaruiz.com\/wp-content\/uploads\/2227.jpg 1200w\" sizes=\"(max-width: 1024px) 100vw, 1024px\" \/><\/a><figcaption class=\"wp-element-caption\"><a href=\"https:\/\/www.instagram.com\/claudia_ruiz_melendez\/\" data-type=\"URL\" data-id=\"https:\/\/www.instagram.com\/claudia_ruiz_melendez\/\" target=\"_blank\" rel=\"noreferrer noopener\">https:\/\/www.instagram.com\/claudia_ruiz_melendez\/<\/a><\/figcaption><\/figure>\n\n\n\n<p><\/p>\n","protected":false},"excerpt":{"rendered":"<p>Pintora, escultora y fot\u00f3grafa colombiana. Desde 1984, a trav\u00e9s de mi obra pict\u00f3rica he explorado la compleja condici\u00f3n humana, inmersa en atm\u00f3sferas donde la m\u00fasica, la violencia, la espiritualidad, la naturaleza y el misterio constituyen parte de su esencia. He plasmado la soledad, el dolor, el desamparo, la tristeza, la rabia y la introspecci\u00f3n que, [&hellip;]<\/p>\n","protected":false},"author":4,"featured_media":3044,"parent":0,"menu_order":0,"comment_status":"open","ping_status":"closed","template":"","meta":{"footnotes":""},"class_list":["post-1226","page","type-page","status-publish","has-post-thumbnail","hentry"],"_links":{"self":[{"href":"https:\/\/claudiaruiz.com\/index.php?rest_route=\/wp\/v2\/pages\/1226"}],"collection":[{"href":"https:\/\/claudiaruiz.com\/index.php?rest_route=\/wp\/v2\/pages"}],"about":[{"href":"https:\/\/claudiaruiz.com\/index.php?rest_route=\/wp\/v2\/types\/page"}],"author":[{"embeddable":true,"href":"https:\/\/claudiaruiz.com\/index.php?rest_route=\/wp\/v2\/users\/4"}],"replies":[{"embeddable":true,"href":"https:\/\/claudiaruiz.com\/index.php?rest_route=%2Fwp%2Fv2%2Fcomments&post=1226"}],"version-history":[{"count":18,"href":"https:\/\/claudiaruiz.com\/index.php?rest_route=\/wp\/v2\/pages\/1226\/revisions"}],"predecessor-version":[{"id":163636,"href":"https:\/\/claudiaruiz.com\/index.php?rest_route=\/wp\/v2\/pages\/1226\/revisions\/163636"}],"wp:featuredmedia":[{"embeddable":true,"href":"https:\/\/claudiaruiz.com\/index.php?rest_route=\/wp\/v2\/media\/3044"}],"wp:attachment":[{"href":"https:\/\/claudiaruiz.com\/index.php?rest_route=%2Fwp%2Fv2%2Fmedia&parent=1226"}],"curies":[{"name":"wp","href":"https:\/\/api.w.org\/{rel}","templated":true}]}}