{"id":1389,"date":"2013-09-18T13:35:39","date_gmt":"2013-09-18T13:35:39","guid":{"rendered":"http:\/\/pixelgrade.com\/demos\/lens\/?page_id=47"},"modified":"2023-10-13T22:21:14","modified_gmt":"2023-10-13T22:21:14","slug":"nosotros-2","status":"publish","type":"page","link":"https:\/\/claudiaruiz.com\/?page_id=1389","title":{"rendered":"Yo, Claudia"},"content":{"rendered":"\n<div class=\"wp-block-image\"><figure class=\"aligncenter size-large is-resized\"><a href=\"https:\/\/claudiaruiz.com\/wp-content\/uploads\/Claudia-Ruiz1.jpg\"><img loading=\"lazy\" decoding=\"async\" src=\"https:\/\/claudiaruiz.com\/wp-content\/uploads\/Claudia-Ruiz1-1024x680.jpg\" alt=\"\" class=\"wp-image-3180\" width=\"343\" height=\"228\" srcset=\"https:\/\/claudiaruiz.com\/wp-content\/uploads\/Claudia-Ruiz1-1024x680.jpg 1024w, https:\/\/claudiaruiz.com\/wp-content\/uploads\/Claudia-Ruiz1-300x199.jpg 300w, https:\/\/claudiaruiz.com\/wp-content\/uploads\/Claudia-Ruiz1.jpg 1113w\" sizes=\"(max-width: 343px) 100vw, 343px\" \/><\/a><\/figure><\/div>\n\n\n<h5 style=\"color: #000000;\"><b><span style=\"font-family: Verdana, Arial, Helvetica, sans-serif;\">\u00bf<span style=\"color: #ff00ff;\">Signo<\/span>?<\/span><\/b><span style=\"font-family: Verdana, Arial, Helvetica, sans-serif;\">\u00a0Escorpi<span style=\"color: #000000;\">\u00f3<\/span>n.<\/span><\/h5>\n<h5 style=\"color: #000000;\"><span style=\"font-family: Verdana, Arial, Helvetica, sans-serif;\"><b>\u00bf<span style=\"color: #ff00ff;\">D\u00f3nde vive<\/span>?<\/b>\u00a0En mi propio limbo. Un estudio &#8211; jard\u00edn.<\/span><\/h5>\n<h5 style=\"color: #000000;\"><span style=\"font-family: Verdana, Arial, Helvetica, sans-serif;\"><b>\u00bf<span style=\"color: #ff00ff;\">Qu\u00e9 estudi\u00f3<\/span>?<\/b>\u00a0No estudi\u00e9, aprend\u00ed.<\/span><\/h5>\n<h5 style=\"color: #000000;\"><span style=\"font-family: Verdana, Arial, Helvetica, sans-serif;\"><b>\u00bf<span style=\"color: #ff00ff;\">Hobby<\/span>?<\/b>\u00a0La jardiner\u00eda.<\/span><\/h5>\n<h5 style=\"color: #000000;\"><span style=\"font-family: Verdana, Arial, Helvetica, sans-serif;\"><b>\u00bf<span style=\"color: #ff00ff;\">Su color preferido<\/span>?<\/b>\u00a0Depende de para qu\u00e9.<\/span><\/h5>\n<h5 style=\"color: #000000;\"><span style=\"font-family: Verdana, Arial, Helvetica, sans-serif;\"><b>\u00bf<span style=\"color: #ff00ff;\">Por qu\u00e9 pinta<\/span>?<\/b>\u00a0Para no morir de tedio.<\/span><\/h5>\n<h5 style=\"color: #000000;\"><span style=\"font-family: Verdana, Arial, Helvetica, sans-serif;\"><b>\u00bf<span style=\"color: #ff00ff;\">Porqu\u00e9 pinta esas manos tan largas<\/span>?<\/b>\u00a0Es que las manos se me salen de las manos.<\/span><\/h5>\n<h5 style=\"color: #000000;\"><span style=\"font-family: Verdana, Arial, Helvetica, sans-serif;\"><b>\u00bf<span style=\"color: #ff00ff;\">Porqu\u00e9 pone sus huellas en las pinturas<\/span>?\u00a0<\/b>Para evitar falsificaciones.<\/span><\/h5>\n<h5 style=\"color: #000000;\"><span style=\"font-family: Verdana, Arial, Helvetica, sans-serif;\"><b>\u00bf<span style=\"color: #ff00ff;\">Cu\u00e1les son sus pinturas preferidas<\/span>?<\/b>\u00a0Las que no pierden el ritmo y no desafinan.<\/span><\/h5>\n<h5 style=\"color: #000000;\"><span style=\"font-family: Verdana, Arial, Helvetica, sans-serif;\"><b>\u00bf<span style=\"color: #ff00ff;\">Qu\u00e9 clase de pintura le gusta<\/span>?<\/b>\u00a0La que suena y no hace ruido.<\/span><\/h5>\n<h5 style=\"color: #000000;\"><span style=\"font-family: Verdana, Arial, Helvetica, sans-serif;\"><b>\u00bf<span style=\"color: #ff00ff;\">Qu\u00e9 es para usted pintar<\/span>?<\/b>\u00a0Un acto de fe.<\/span><\/h5>\n<h5 style=\"color: #000000;\"><span style=\"font-family: Verdana, Arial, Helvetica, sans-serif;\"><b>\u00bf<span style=\"color: #ff00ff;\">Un sonido placentero<\/span>?<\/b>\u00a0El color aguamarina.<\/span><\/h5>\n<h5 style=\"color: #000000;\"><span style=\"font-family: Verdana, Arial, Helvetica, sans-serif;\"><b>\u00bf<span style=\"color: #ff00ff;\">Qui\u00e9nes han sido sus mejores compradores<\/span>?<\/b>\u00a0Los que jam\u00e1s pens\u00e9 que me comprar\u00edan.<\/span><\/h5>\n<h5 style=\"color: #000000;\"><span style=\"font-family: Verdana, Arial, Helvetica, sans-serif;\"><b>\u00bf<span style=\"color: #ff00ff;\">Y de los cr\u00edticos<\/span>?<\/b>\u00a0No soy cr\u00edtica.<\/span><\/h5>\n<h5 style=\"color: #000000;\"><span style=\"font-family: Verdana, Arial, Helvetica, sans-serif;\"><b>\u00bf<span style=\"color: #ff00ff;\">Cual es la pregunta que m\u00e1s le molesta que le hagan<\/span>?<\/b>\u00a0\u00bfCu\u00e1nto tiempo se demora pintando un cuadro? Generalmente va seguida de \u00bfY cuanto cuesta?<\/span><\/h5>\n<h5 style=\"color: #000000;\"><span style=\"font-family: Verdana, Arial, Helvetica, sans-serif;\"><b>\u00bf<span style=\"color: #ff00ff;\">Una pregunta t\u00edpica que le hacen<\/span>?<\/b>\u00a0Despu\u00e9s de las exposiciones: \u00bfVendi\u00f3 todo?<br \/><\/span><\/h5>\n<h5><span style=\"font-family: Verdana, Arial, Helvetica, sans-serif;\">\u00a0<\/span><\/h5>\n<h5><b>EXPOSICIONES <\/b><b>COLECTIVAS<\/b><\/h5>\n<h5>2.015. II Premio Grau a las artes<\/h5>\n<h5>Sal\u00f3n arte Anapoima<\/h5>\n<h5>2.014. I Premio Grau a las artes<\/h5>\n<h5>2.002 al 2.006<br \/>Exposici\u00f3n itinerante. Smithsonian Institution.<br \/>Arts Building, Smithsonian Institution Washington, DC<br \/>Flushing Town Hall, NY<br \/>James A. Michener Art Museum, Doylestown PA<br \/>Longmont Museum. Longmont, CO<br \/>Kalamazoo Valley Museum, Kalamazoo, Michigan<br \/>Chicago Historical Society, Chicago, Ill<br \/>Mexican Heritage Plaza, San Jose, CA<br \/>Exploris, Raleigh, NC<br \/>California African American Museum, Los Angeles, CA<\/h5>\n<h5>2.004. Hollywood Bowl, Los Angeles<\/h5>\n<h5>2.002 Arts for Art. The Center. Vision Festival. New York City.<br \/>Savacou Gallery. JVC Jazz Festival. New York City<\/h5>\n<h5>2.001 XXVI North Sea Jazz Festival. La Haya, Holanda<\/h5>\n<h5>1.997 International Jazz Art Competition, Jazz Gallery, New York<br \/>Free Jazz Village. Bogot\u00e1<\/h5>\n<h5>1.994 Galer\u00eda Arte Autopista, Cali.<\/h5>\n<h5>1.991 Galer\u00eda Elida Lara, Barranquilla.<br \/>Galer\u00eda Arte Autopista, Medell\u00edn.<\/h5>\n<h5>1.988 IX Sal\u00f3n de Nuevas Expresiones Pl\u00e1sticas, Museo de Arte Contempor\u00e1neo, Bogot\u00e1.<\/h5>\n<h5>1.985 II Muestra Pict\u00f3rica Javeriana, Bogot\u00e1.<\/h5>\n<h5>1.984 I Muestra pict\u00f3rica Javeriana, Bogot\u00e1.<\/h5>\n<h5>II Taller Distrital de Artes Pl\u00e1sticas, Bogot\u00e1<\/h5>\n<h5>\u00a0<\/h5>\n<h5><b>EXPOSICIONES <\/b><b>INDIVIDUALES<\/b><\/h5>\n<h5>2.007 Palacio de la Inquisici\u00f3n. Cartagena<\/h5>\n<h5>2.006 Galer\u00eda Pluma, Bogot\u00e1<\/h5>\n<h5>2.005 Fundaci\u00f3n La Cueva, Barranquilla<\/h5>\n<h5>Galer\u00eda Baobab, Bogot\u00e1<\/h5>\n<h5>2.003 Kavehaz Gallery New York<\/h5>\n<h5>2.002 Hotel Capilla del Mar, Cartagena<\/h5>\n<h5>2.001 C\u00e1mara de Comercio de Bogot\u00e1<\/h5>\n<h5>2.000 Teatro Municipal de Bogot\u00e1<br \/>Biblioteca Piloto del Caribe, Barranquilla<\/h5>\n<h5>1.999 Fundaci\u00f3n Santillana para Iberoam\u00e9rica. Bogot\u00e1<\/h5>\n<h5>1.998 C\u00e1mara de Comercio de Cali.<br \/>Fondo Cultural del Caf\u00e9 por invitaci\u00f3n de la Universidad de Caldas.<\/h5>\n<h5>1.997 X Feria Internacional del Libro, Pabell\u00f3n de los Estados Unidos\u00a0\u00a0 de Am\u00e9rica, Bogot\u00e1.<\/h5>\n<h5>1.993 Galer\u00eda Arte Autopista, Medell\u00edn.<br \/>Palacio de San Carlos, Ministerio de Relaciones Exteriores,\u00a0\u00a0\u00a0 Bogot\u00e1.<\/h5>\n<h5>Centro Cultural Espa\u00f1ol, I Festival de Jazz Bajo la Luna, Cartagena.<\/h5>\n<h5>1.991 Sal\u00f3n Barracuda, El Rodadero.<\/h5>\n<h5>1.990 Corporaci\u00f3n Dar\u00edo Echand\u00eda, Ibagu\u00e9.<br \/>Banco de la Rep\u00fablica, Manizales.<br \/>Museo de Arte Contempor\u00e1neo, Ibagu\u00e9.<\/h5>\n<h5>1.989 Instituto Huilense de Cultura, Neiva.<\/h5>","protected":false},"excerpt":{"rendered":"<p>\u00bfSigno?\u00a0Escorpi\u00f3n. \u00bfD\u00f3nde vive?\u00a0En mi propio limbo. Un estudio &#8211; jard\u00edn. \u00bfQu\u00e9 estudi\u00f3?\u00a0No estudi\u00e9, aprend\u00ed. \u00bfHobby?\u00a0La jardiner\u00eda. \u00bfSu color preferido?\u00a0Depende de para qu\u00e9. \u00bfPor qu\u00e9 pinta?\u00a0Para no morir de tedio. \u00bfPorqu\u00e9 pinta esas manos tan largas?\u00a0Es que las manos se me salen de las manos. \u00bfPorqu\u00e9 pone sus huellas en las pinturas?\u00a0Para evitar falsificaciones. \u00bfCu\u00e1les son [&hellip;]<\/p>\n","protected":false},"author":4,"featured_media":0,"parent":0,"menu_order":8,"comment_status":"closed","ping_status":"closed","template":"","meta":{"footnotes":""},"class_list":["post-1389","page","type-page","status-publish","hentry"],"_links":{"self":[{"href":"https:\/\/claudiaruiz.com\/index.php?rest_route=\/wp\/v2\/pages\/1389"}],"collection":[{"href":"https:\/\/claudiaruiz.com\/index.php?rest_route=\/wp\/v2\/pages"}],"about":[{"href":"https:\/\/claudiaruiz.com\/index.php?rest_route=\/wp\/v2\/types\/page"}],"author":[{"embeddable":true,"href":"https:\/\/claudiaruiz.com\/index.php?rest_route=\/wp\/v2\/users\/4"}],"replies":[{"embeddable":true,"href":"https:\/\/claudiaruiz.com\/index.php?rest_route=%2Fwp%2Fv2%2Fcomments&post=1389"}],"version-history":[{"count":43,"href":"https:\/\/claudiaruiz.com\/index.php?rest_route=\/wp\/v2\/pages\/1389\/revisions"}],"predecessor-version":[{"id":142979,"href":"https:\/\/claudiaruiz.com\/index.php?rest_route=\/wp\/v2\/pages\/1389\/revisions\/142979"}],"wp:attachment":[{"href":"https:\/\/claudiaruiz.com\/index.php?rest_route=%2Fwp%2Fv2%2Fmedia&parent=1389"}],"curies":[{"name":"wp","href":"https:\/\/api.w.org\/{rel}","templated":true}]}}