{"id":1391,"date":"2014-03-12T20:05:20","date_gmt":"2014-03-12T20:05:20","guid":{"rendered":"http:\/\/abuelitasalondeonces.com\/prueba\/?page_id=2"},"modified":"2024-10-02T23:30:02","modified_gmt":"2024-10-02T23:30:02","slug":"about","status":"publish","type":"page","link":"https:\/\/claudiaruiz.com\/?page_id=1391","title":{"rendered":"Pinturas"},"content":{"rendered":"\n<p>PINTURAS DE JAZZ<\/p>\n\n\n\n<p><a href=\"https:\/\/claudiaruiz.com\/?p=2702\">Jazzbelles<\/a><\/p>\n\n\n\n<p><\/p>\n\n\n\n<p>PINTURAS SOBRE LA LITERATURA DE GARC\u00cdA M\u00c1RQUEZ<\/p>\n\n\n\n<p>El ser humano en atm\u00f3sfera de m\u00fasica, violencia, espiritualidad, naturaleza y misterio ha sido el tema central de mi obra. Expreso la soledad, el desamparo, la tristeza, la tragedia, el dolor, la rabia y la introspecci\u00f3n en sus vidas, algo que, abunda en la obra literaria de Gabriel Garc\u00eda M\u00e1rquez con el componente adicional de la magia y la poes\u00eda.<\/p>\n\n\n\n<p>Sus historias bellas y tr\u00e1gicas reflejadas en mis series M\u00fasica y M\u00fasicos y Mujeres y Naturaleza en la obra de Gabriel Garc\u00eda M\u00e1rquez interrelacionan m\u00fasica y violencia; m\u00fasica y muerte; m\u00fasica, magia, mujeres, naturaleza y magia; mujeres, naturaleza y violencia.<\/p>\n\n\n\n<p><a href=\"https:\/\/claudiaruiz.com\/?p=143270\">M\u00fasica y M\u00fasicos en la obra de Garc\u00eda M\u00e1rquez<\/a><\/p>\n\n\n\n<p><a href=\"https:\/\/claudiaruiz.com\/?p=157302\">Mujeres y naturaleza en la obra de Garc\u00eda M\u00e1rquez<\/a><\/p>\n\n\n\n<p>DE LO ARCANO<\/p>\n\n\n\n<p><a href=\"https:\/\/claudiaruiz.com\/?cat=66\">De lo arcano<\/a>, se enfoca en el ser humano espiritual que busca conectarse con ese \u201calgo\u201d que trasciende lo material y establecer una relaci\u00f3n de unidad con el misterio de la vida.<\/p>\n\n\n\n<p>BIO-LENCIA<\/p>\n\n\n\n<p><\/p>\n","protected":false},"excerpt":{"rendered":"<p>PINTURAS DE JAZZ Jazzbelles PINTURAS SOBRE LA LITERATURA DE GARC\u00cdA M\u00c1RQUEZ El ser humano en atm\u00f3sfera de m\u00fasica, violencia, espiritualidad, naturaleza y misterio ha sido el tema central de mi obra. Expreso la soledad, el desamparo, la tristeza, la tragedia, el dolor, la rabia y la introspecci\u00f3n en sus vidas, algo que, abunda en la [&hellip;]<\/p>\n","protected":false},"author":4,"featured_media":0,"parent":0,"menu_order":0,"comment_status":"open","ping_status":"open","template":"","meta":{"footnotes":""},"class_list":["post-1391","page","type-page","status-publish","hentry"],"_links":{"self":[{"href":"https:\/\/claudiaruiz.com\/index.php?rest_route=\/wp\/v2\/pages\/1391"}],"collection":[{"href":"https:\/\/claudiaruiz.com\/index.php?rest_route=\/wp\/v2\/pages"}],"about":[{"href":"https:\/\/claudiaruiz.com\/index.php?rest_route=\/wp\/v2\/types\/page"}],"author":[{"embeddable":true,"href":"https:\/\/claudiaruiz.com\/index.php?rest_route=\/wp\/v2\/users\/4"}],"replies":[{"embeddable":true,"href":"https:\/\/claudiaruiz.com\/index.php?rest_route=%2Fwp%2Fv2%2Fcomments&post=1391"}],"version-history":[{"count":9,"href":"https:\/\/claudiaruiz.com\/index.php?rest_route=\/wp\/v2\/pages\/1391\/revisions"}],"predecessor-version":[{"id":163587,"href":"https:\/\/claudiaruiz.com\/index.php?rest_route=\/wp\/v2\/pages\/1391\/revisions\/163587"}],"wp:attachment":[{"href":"https:\/\/claudiaruiz.com\/index.php?rest_route=%2Fwp%2Fv2%2Fmedia&parent=1391"}],"curies":[{"name":"wp","href":"https:\/\/api.w.org\/{rel}","templated":true}]}}