{"id":1845,"date":"2014-03-25T17:09:29","date_gmt":"2014-03-25T17:09:29","guid":{"rendered":"http:\/\/www.fundacionartscollegium.org\/?page_id=1845"},"modified":"2024-10-02T21:22:44","modified_gmt":"2024-10-02T21:22:44","slug":"aliados","status":"publish","type":"page","link":"https:\/\/claudiaruiz.com\/?page_id=1845","title":{"rendered":"Fotograf\u00eda"},"content":{"rendered":"\n<figure class=\"wp-block-image size-full\"><a href=\"https:\/\/claudiaruiz.com\/wp-content\/uploads\/Claudia-Ruiz-Autorretrato.jpg\"><img loading=\"lazy\" decoding=\"async\" width=\"1000\" height=\"720\" src=\"https:\/\/claudiaruiz.com\/wp-content\/uploads\/Claudia-Ruiz-Autorretrato.jpg\" alt=\"\" class=\"wp-image-163519\" srcset=\"https:\/\/claudiaruiz.com\/wp-content\/uploads\/Claudia-Ruiz-Autorretrato.jpg 1000w, https:\/\/claudiaruiz.com\/wp-content\/uploads\/Claudia-Ruiz-Autorretrato-300x216.jpg 300w, https:\/\/claudiaruiz.com\/wp-content\/uploads\/Claudia-Ruiz-Autorretrato-768x553.jpg 768w\" sizes=\"(max-width: 1000px) 100vw, 1000px\" \/><\/a><\/figure>\n\n\n\n<p>Desde 1.986, por mi formaci\u00f3n como dise\u00f1adora Industrial he tenido la naturaleza como modelo para las actividades humanas. Observo y estudio los modelos, sistemas, procesos y elementos presentes en la naturaleza para convertirlos en elementos protag\u00f3nicos o de inspiraci\u00f3n en mis proyectos art\u00edsticos.<\/p>\n\n\n\n<p>Mi acercamiento a la fotograf\u00eda se dio en el a\u00f1o 2.010 al crear y dirigir la Fundaci\u00f3n <a href=\"https:\/\/www.fundacionartscollegium.org\/\">Arts Collegium<\/a> cuyos inicios se dieron en el municipio de Guasca con el programa Mensajeros de Vida y Conservaci\u00f3n el cual une dos grandes valores patrimoniales de este municipio; su gran riqueza bi\u00f3tica e h\u00eddrica y el hecho de que Luis B. Ramos pionero de la reporter\u00eda gr\u00e1fica en Colombia hubiese nacido all\u00ed. \u00a0Con Arts Collegium abrimos espacios de diversidad cultural en los que ni\u00f1os, j\u00f3venes y adultos desarrollan por medio de la fotograf\u00eda, sensibilidad, pensamiento creativo y acci\u00f3n constructiva, a la vez que definen identidad y afianzan sentido de pertenencia como medio de construcci\u00f3n del tejido social y proyecci\u00f3n de futuro.<\/p>\n\n\n\n<p>En estos 14 a\u00f1os de actividad art\u00edstica en torno a la fotograf\u00eda mi trabajo personal ha tenido un marcado enfoque hacia la naturaleza siendo la fotograf\u00eda macro una de las que mejor me ha permitido expresar la perfecci\u00f3n de la naturaleza y mostrar la vida desde una perspectiva diferente con las series <a href=\"https:\/\/claudiaruiz.com\/?cat=66\">Eros la fuerza de la vida<\/a> y <a href=\"https:\/\/claudiaruiz.com\/?cat=65\">Vida en Rosa<\/a><\/p>\n\n\n\n<figure class=\"wp-block-image size-full\"><a href=\"https:\/\/claudiaruiz.com\/wp-content\/uploads\/Claudia-Ruiz-The-Creation-1.jpg\"><img loading=\"lazy\" decoding=\"async\" width=\"1000\" height=\"720\" src=\"https:\/\/claudiaruiz.com\/wp-content\/uploads\/Claudia-Ruiz-The-Creation-1.jpg\" alt=\"\" class=\"wp-image-163529\" srcset=\"https:\/\/claudiaruiz.com\/wp-content\/uploads\/Claudia-Ruiz-The-Creation-1.jpg 1000w, https:\/\/claudiaruiz.com\/wp-content\/uploads\/Claudia-Ruiz-The-Creation-1-300x216.jpg 300w, https:\/\/claudiaruiz.com\/wp-content\/uploads\/Claudia-Ruiz-The-Creation-1-768x553.jpg 768w\" sizes=\"(max-width: 1000px) 100vw, 1000px\" \/><\/a><\/figure>\n\n\n\n<p>Al fotografiar un Epiphyllum record\u00e9 el detalle de La Creaci\u00f3n de Ad\u00e1n, el fresco de Miguel Angel en la Capilla Sixtina y pens\u00e9 en la importancia de las conexiones f\u00edsicas y emocionales como algo indispensable para la vida.<\/p>\n","protected":false},"excerpt":{"rendered":"<p>Desde 1.986, por mi formaci\u00f3n como dise\u00f1adora Industrial he tenido la naturaleza como modelo para las actividades humanas. Observo y estudio los modelos, sistemas, procesos y elementos presentes en la naturaleza para convertirlos en elementos protag\u00f3nicos o de inspiraci\u00f3n en mis proyectos art\u00edsticos. Mi acercamiento a la fotograf\u00eda se dio en el a\u00f1o 2.010 al [&hellip;]<\/p>\n","protected":false},"author":4,"featured_media":0,"parent":0,"menu_order":0,"comment_status":"open","ping_status":"open","template":"page-gallery-masonry.php","meta":{"footnotes":""},"class_list":["post-1845","page","type-page","status-publish","hentry"],"_links":{"self":[{"href":"https:\/\/claudiaruiz.com\/index.php?rest_route=\/wp\/v2\/pages\/1845"}],"collection":[{"href":"https:\/\/claudiaruiz.com\/index.php?rest_route=\/wp\/v2\/pages"}],"about":[{"href":"https:\/\/claudiaruiz.com\/index.php?rest_route=\/wp\/v2\/types\/page"}],"author":[{"embeddable":true,"href":"https:\/\/claudiaruiz.com\/index.php?rest_route=\/wp\/v2\/users\/4"}],"replies":[{"embeddable":true,"href":"https:\/\/claudiaruiz.com\/index.php?rest_route=%2Fwp%2Fv2%2Fcomments&post=1845"}],"version-history":[{"count":61,"href":"https:\/\/claudiaruiz.com\/index.php?rest_route=\/wp\/v2\/pages\/1845\/revisions"}],"predecessor-version":[{"id":163536,"href":"https:\/\/claudiaruiz.com\/index.php?rest_route=\/wp\/v2\/pages\/1845\/revisions\/163536"}],"wp:attachment":[{"href":"https:\/\/claudiaruiz.com\/index.php?rest_route=%2Fwp%2Fv2%2Fmedia&parent=1845"}],"curies":[{"name":"wp","href":"https:\/\/api.w.org\/{rel}","templated":true}]}}